{"id":9553,"date":"2026-03-20T20:45:44","date_gmt":"2026-03-20T19:45:44","guid":{"rendered":"https:\/\/muntuwarriorsofficial.com\/?post_type=product&#038;p=9553"},"modified":"2026-03-20T20:46:44","modified_gmt":"2026-03-20T19:46:44","slug":"tome4","status":"publish","type":"product","link":"https:\/\/muntuwarriorsofficial.com\/fr\/produit\/tome4\/","title":{"rendered":"Muntu Warriors Tome 4"},"content":{"rendered":"<p>Ancr\u00e9 dans le monde de\u00a0Muntu, Asanda Zuma se pr\u00e9pare \u00e0 affronter\u00a0Eshu. Mais avant ce duel in\u00e9vitable, il devra faire ses preuves lors de sa toute\u00a0premi\u00e8re mission\u00a0en tant que\u00a0Muntu Warrior. Un bapt\u00eame de feu sur les\u00a0Terres Akan, ravag\u00e9es par une guerre sans merci autour du l\u00e9gendaire\u00a0Tabouret d\u2019Or.<\/p>\n<p>Tomb\u00e9 au c\u0153ur du conflit, Asanda devra prouver qu\u2019il est digne du titre de\u00a0H\u00e9ros aux Mille Soleils.\u00a0Sera-t-il \u00e0 la hauteur?<\/p>\n<p><strong>THIS BOOK IS IN FRENCH. FOR THE ENGLISH VERSION, CLICK HERE.<\/strong><\/p>","protected":false},"excerpt":{"rendered":"<p>Dans le tome 4 de Muntu Warriors, on va suivre la premi\u00e8re mission de Heat, le h\u00e9ros principal, ainsi qu&#8217;avoir un avant-go\u00fbt de l&#8217;univers des akans.<\/p>","protected":false},"featured_media":8431,"comment_status":"open","ping_status":"closed","template":"","meta":{"_monsterinsights_skip_tracking":false,"_monsterinsights_sitenote_active":false,"_monsterinsights_sitenote_note":"","_monsterinsights_sitenote_category":0,"site-sidebar-layout":"default","site-content-layout":"default","ast-global-header-display":"","ast-banner-title-visibility":"","ast-main-header-display":"","ast-hfb-above-header-display":"","ast-hfb-below-header-display":"","ast-hfb-mobile-header-display":"","site-post-title":"","ast-breadcrumbs-content":"","ast-featured-img":"","footer-sml-layout":"","theme-transparent-header-meta":"default","adv-header-id-meta":"","stick-header-meta":"","header-above-stick-meta":"","header-main-stick-meta":"","header-below-stick-meta":""},"product_brand":[],"product_cat":[26],"product_tag":[],"class_list":{"0":"post-9553","1":"product","2":"type-product","3":"status-publish","4":"has-post-thumbnail","6":"product_cat-bande-dessinees","7":"desktop-align-left","8":"tablet-align-left","9":"mobile-align-left","11":"first","12":"instock","13":"shipping-taxable","14":"purchasable","15":"product-type-simple"},"aioseo_notices":[],"jetpack_sharing_enabled":true,"_links":{"self":[{"href":"https:\/\/muntuwarriorsofficial.com\/fr\/wp-json\/wp\/v2\/product\/9553","targetHints":{"allow":["GET"]}}],"collection":[{"href":"https:\/\/muntuwarriorsofficial.com\/fr\/wp-json\/wp\/v2\/product"}],"about":[{"href":"https:\/\/muntuwarriorsofficial.com\/fr\/wp-json\/wp\/v2\/types\/product"}],"replies":[{"embeddable":true,"href":"https:\/\/muntuwarriorsofficial.com\/fr\/wp-json\/wp\/v2\/comments?post=9553"}],"wp:featuredmedia":[{"embeddable":true,"href":"https:\/\/muntuwarriorsofficial.com\/fr\/wp-json\/wp\/v2\/media\/8431"}],"wp:attachment":[{"href":"https:\/\/muntuwarriorsofficial.com\/fr\/wp-json\/wp\/v2\/media?parent=9553"}],"wp:term":[{"taxonomy":"product_brand","embeddable":true,"href":"https:\/\/muntuwarriorsofficial.com\/fr\/wp-json\/wp\/v2\/product_brand?post=9553"},{"taxonomy":"product_cat","embeddable":true,"href":"https:\/\/muntuwarriorsofficial.com\/fr\/wp-json\/wp\/v2\/product_cat?post=9553"},{"taxonomy":"product_tag","embeddable":true,"href":"https:\/\/muntuwarriorsofficial.com\/fr\/wp-json\/wp\/v2\/product_tag?post=9553"}],"curies":[{"name":"wp","href":"https:\/\/api.w.org\/{rel}","templated":true}]}}