{"id":9104,"date":"2026-01-14T14:11:58","date_gmt":"2026-01-14T14:11:58","guid":{"rendered":"https:\/\/muntuwarriorsofficial.com\/?post_type=product&#038;p=9104"},"modified":"2026-03-20T20:59:03","modified_gmt":"2026-03-20T19:59:03","slug":"editioncomplete","status":"publish","type":"product","link":"https:\/\/muntuwarriorsofficial.com\/fr\/produit\/editioncomplete\/","title":{"rendered":"Muntu Warriors &#8211; \u00c9dition Compl\u00e8te"},"content":{"rendered":"<p>L\u2019\u00c9dition Compl\u00e8te est l\u2019exp\u00e9rience ultime pour d\u00e9couvrir Muntu Warriors.<\/p>\n<p>Elle r\u00e9unit tous les tomes de la s\u00e9rie, dans l\u2019ordre, pour plonger pleinement dans l\u2019univers, suivre l\u2019\u00e9volution des personnages et comprendre chaque enjeu de l\u2019histoire. C\u2019est le choix id\u00e9al pour les lecteurs qui veulent tout lire, sans rien manquer.<\/p>\n<p>Que vous d\u00e9couvriez Muntu Warriors ou que vous souhaitiez compl\u00e9ter votre collection, cette \u00e9dition vous offre la saga \u00e0 jour et dans son int\u00e9gralit\u00e9.<\/p>\n<p><strong>NOT AVAILABLE FOR ENGLISH VERSIONS AND LIMITED TO SELECTED COUNTRIES. FOR MORE INFORMATION, <a href=\"https:\/\/muntuwarriorsofficial.com\/fr\/shipping-notice\/\">CLIQUEZ ICI<\/a>\u00a0<\/strong><\/p>","protected":false},"excerpt":{"rendered":"<p>Tous les tomes de Muntu Warriors, r\u00e9unis en une seule \u00e9dition.<\/p>\n<p>L\u2019exp\u00e9rience compl\u00e8te pour plonger dans l\u2019univers sans rien manquer.<\/p>","protected":false},"featured_media":9561,"comment_status":"open","ping_status":"closed","template":"","meta":{"_monsterinsights_skip_tracking":false,"_monsterinsights_sitenote_active":false,"_monsterinsights_sitenote_note":"","_monsterinsights_sitenote_category":0,"site-sidebar-layout":"default","site-content-layout":"default","ast-global-header-display":"","ast-banner-title-visibility":"","ast-main-header-display":"","ast-hfb-above-header-display":"","ast-hfb-below-header-display":"","ast-hfb-mobile-header-display":"","site-post-title":"","ast-breadcrumbs-content":"","ast-featured-img":"","footer-sml-layout":"","theme-transparent-header-meta":"default","adv-header-id-meta":"","stick-header-meta":"","header-above-stick-meta":"","header-main-stick-meta":"","header-below-stick-meta":""},"product_brand":[],"product_cat":[27],"product_tag":[],"class_list":{"0":"post-9104","1":"product","2":"type-product","3":"status-publish","4":"has-post-thumbnail","6":"product_cat-collections","7":"desktop-align-left","8":"tablet-align-left","9":"mobile-align-left","11":"first","12":"instock","13":"sale","14":"shipping-taxable","15":"purchasable","16":"product-type-simple"},"aioseo_notices":[],"jetpack_sharing_enabled":true,"_links":{"self":[{"href":"https:\/\/muntuwarriorsofficial.com\/fr\/wp-json\/wp\/v2\/product\/9104","targetHints":{"allow":["GET"]}}],"collection":[{"href":"https:\/\/muntuwarriorsofficial.com\/fr\/wp-json\/wp\/v2\/product"}],"about":[{"href":"https:\/\/muntuwarriorsofficial.com\/fr\/wp-json\/wp\/v2\/types\/product"}],"replies":[{"embeddable":true,"href":"https:\/\/muntuwarriorsofficial.com\/fr\/wp-json\/wp\/v2\/comments?post=9104"}],"wp:featuredmedia":[{"embeddable":true,"href":"https:\/\/muntuwarriorsofficial.com\/fr\/wp-json\/wp\/v2\/media\/9561"}],"wp:attachment":[{"href":"https:\/\/muntuwarriorsofficial.com\/fr\/wp-json\/wp\/v2\/media?parent=9104"}],"wp:term":[{"taxonomy":"product_brand","embeddable":true,"href":"https:\/\/muntuwarriorsofficial.com\/fr\/wp-json\/wp\/v2\/product_brand?post=9104"},{"taxonomy":"product_cat","embeddable":true,"href":"https:\/\/muntuwarriorsofficial.com\/fr\/wp-json\/wp\/v2\/product_cat?post=9104"},{"taxonomy":"product_tag","embeddable":true,"href":"https:\/\/muntuwarriorsofficial.com\/fr\/wp-json\/wp\/v2\/product_tag?post=9104"}],"curies":[{"name":"wp","href":"https:\/\/api.w.org\/{rel}","templated":true}]}}