{"id":9075,"date":"2026-01-13T20:00:57","date_gmt":"2026-01-13T20:00:57","guid":{"rendered":"https:\/\/muntuwarriorsofficial.com\/?post_type=product&#038;p=9075"},"modified":"2026-03-20T21:09:24","modified_gmt":"2026-03-20T20:09:24","slug":"sagacomplete","status":"publish","type":"product","link":"https:\/\/muntuwarriorsofficial.com\/fr\/produit\/sagacomplete\/","title":{"rendered":"Muntu Warriors &#8211; La Saga Complete"},"content":{"rendered":"<p>Ce bundle comprend les Tomes 1, 2, 3 et 4, qui racontent le parcours d\u2019Asanda Zuma et posent les bases compl\u00e8tes de l\u2019univers de Muntu.<\/p>\n<p>Du point de d\u00e9part de la saga aux premi\u00e8res grandes r\u00e9v\u00e9lations, ces tomes suivent l\u2019\u00e9volution des personnages, l\u2019\u00e9mergence des conflits et la mise en place des enjeux majeurs.<\/p>\n<p>Ce bundle est la meilleure fa\u00e7on de d\u00e9couvrir Muntu Warriors dans l\u2019ordre pr\u00e9vu par l\u2019auteur, sans coupure ni contenu manquant.<\/p>\n<p>&nbsp;<\/p>\n<p><strong>NOT AVAILABLE FOR ENGLISH VERSIONS AND LIMITED TO SELECTED COUNTRIES. FOR MORE INFORMATION, <a href=\"https:\/\/muntuwarriorsofficial.com\/fr\/shipping-notice\/\">CLIQUEZ ICI<\/a>\u00a0<\/strong><\/p>\n<p>&nbsp;<\/p>\n<p>&nbsp;<\/p>","protected":false},"excerpt":{"rendered":"<p>Les Tomes 1, 2, 3 et 4 r\u00e9unis pour d\u00e9couvrir Muntu Warriors dans son ordre chronologique.<\/p>\n<p>Le point d\u2019entr\u00e9e id\u00e9al dans la saga.<\/p>","protected":false},"featured_media":9565,"comment_status":"open","ping_status":"closed","template":"","meta":{"_monsterinsights_skip_tracking":false,"_monsterinsights_sitenote_active":false,"_monsterinsights_sitenote_note":"","_monsterinsights_sitenote_category":0,"site-sidebar-layout":"default","site-content-layout":"default","ast-global-header-display":"","ast-banner-title-visibility":"","ast-main-header-display":"","ast-hfb-above-header-display":"","ast-hfb-below-header-display":"","ast-hfb-mobile-header-display":"","site-post-title":"","ast-breadcrumbs-content":"","ast-featured-img":"","footer-sml-layout":"","theme-transparent-header-meta":"default","adv-header-id-meta":"","stick-header-meta":"","header-above-stick-meta":"","header-main-stick-meta":"","header-below-stick-meta":""},"product_brand":[],"product_cat":[27],"product_tag":[],"class_list":{"0":"post-9075","1":"product","2":"type-product","3":"status-publish","4":"has-post-thumbnail","6":"product_cat-collections","7":"desktop-align-left","8":"tablet-align-left","9":"mobile-align-left","11":"first","12":"instock","13":"sale","14":"shipping-taxable","15":"purchasable","16":"product-type-simple"},"aioseo_notices":[],"jetpack_sharing_enabled":true,"_links":{"self":[{"href":"https:\/\/muntuwarriorsofficial.com\/fr\/wp-json\/wp\/v2\/product\/9075","targetHints":{"allow":["GET"]}}],"collection":[{"href":"https:\/\/muntuwarriorsofficial.com\/fr\/wp-json\/wp\/v2\/product"}],"about":[{"href":"https:\/\/muntuwarriorsofficial.com\/fr\/wp-json\/wp\/v2\/types\/product"}],"replies":[{"embeddable":true,"href":"https:\/\/muntuwarriorsofficial.com\/fr\/wp-json\/wp\/v2\/comments?post=9075"}],"wp:featuredmedia":[{"embeddable":true,"href":"https:\/\/muntuwarriorsofficial.com\/fr\/wp-json\/wp\/v2\/media\/9565"}],"wp:attachment":[{"href":"https:\/\/muntuwarriorsofficial.com\/fr\/wp-json\/wp\/v2\/media?parent=9075"}],"wp:term":[{"taxonomy":"product_brand","embeddable":true,"href":"https:\/\/muntuwarriorsofficial.com\/fr\/wp-json\/wp\/v2\/product_brand?post=9075"},{"taxonomy":"product_cat","embeddable":true,"href":"https:\/\/muntuwarriorsofficial.com\/fr\/wp-json\/wp\/v2\/product_cat?post=9075"},{"taxonomy":"product_tag","embeddable":true,"href":"https:\/\/muntuwarriorsofficial.com\/fr\/wp-json\/wp\/v2\/product_tag?post=9075"}],"curies":[{"name":"wp","href":"https:\/\/api.w.org\/{rel}","templated":true}]}}