{"id":9064,"date":"2026-01-13T15:12:24","date_gmt":"2026-01-13T15:12:24","guid":{"rendered":"https:\/\/muntuwarriorsofficial.com\/?post_type=product&#038;p=9064"},"modified":"2026-01-23T08:19:36","modified_gmt":"2026-01-23T07:19:36","slug":"originestome1","status":"publish","type":"product","link":"https:\/\/muntuwarriorsofficial.com\/fr\/produit\/originestome1\/","title":{"rendered":"Muntu Warriors Les Origines Tome 1"},"content":{"rendered":"<p>Les Origines permettent de d\u00e9couvrir Agon, Amazone, Coltane et Fang, quatre h\u00e9ros aux parcours tr\u00e8s diff\u00e9rents. \u00c0 travers leurs histoires respectives, vous allez en apprendre davantage sur leurs pouvoirs, leurs \u00e9preuves, et les choix qui les ont men\u00e9s \u00e0 devenir des Muntu Warriors.<\/p>\n<p>Ce tome explore ce qui a forg\u00e9 chacun d\u2019eux, avant leur entr\u00e9e dans l\u2019histoire principale, et \u00e9claire les \u00e9v\u00e9nements qui ont fa\u00e7onn\u00e9 leur destin.<\/p>\n<p><a href=\"https:\/\/muntuwarriorsofficial.com\/fr\/produit\/muntu-warriors-origin-stories-1\/\"><strong>THIS BOOK IS IN FRENCH. FOR THE ENGLISH VERSION, CLICK HERE.<\/strong><\/a><\/p>","protected":false},"excerpt":{"rendered":"<p>Les Origines est un tome compl\u00e9mentaire de Muntu Warriors. Il permet de d\u00e9couvrir le pass\u00e9 de plusieurs h\u00e9ros et de mieux comprendre leurs parcours.<\/p>\n<p>Bien qu\u2019il soit recommand\u00e9 de commencer par le Tome 1, Les Origines peuvent \u00eatre lues \u00e0 tout moment, selon vos personnages pr\u00e9f\u00e9r\u00e9s.<\/p>","protected":false},"featured_media":485,"comment_status":"open","ping_status":"closed","template":"","meta":{"_monsterinsights_skip_tracking":false,"_monsterinsights_sitenote_active":false,"_monsterinsights_sitenote_note":"","_monsterinsights_sitenote_category":0,"site-sidebar-layout":"default","site-content-layout":"default","ast-global-header-display":"","ast-banner-title-visibility":"","ast-main-header-display":"","ast-hfb-above-header-display":"","ast-hfb-below-header-display":"","ast-hfb-mobile-header-display":"","site-post-title":"","ast-breadcrumbs-content":"","ast-featured-img":"","footer-sml-layout":"","theme-transparent-header-meta":"default","adv-header-id-meta":"","stick-header-meta":"","header-above-stick-meta":"","header-main-stick-meta":"","header-below-stick-meta":""},"product_brand":[],"product_cat":[26],"product_tag":[],"class_list":{"0":"post-9064","1":"product","2":"type-product","3":"status-publish","4":"has-post-thumbnail","6":"product_cat-bande-dessinees","7":"desktop-align-left","8":"tablet-align-left","9":"mobile-align-left","11":"first","12":"instock","13":"shipping-taxable","14":"purchasable","15":"product-type-simple"},"aioseo_notices":[],"jetpack_sharing_enabled":true,"_links":{"self":[{"href":"https:\/\/muntuwarriorsofficial.com\/fr\/wp-json\/wp\/v2\/product\/9064","targetHints":{"allow":["GET"]}}],"collection":[{"href":"https:\/\/muntuwarriorsofficial.com\/fr\/wp-json\/wp\/v2\/product"}],"about":[{"href":"https:\/\/muntuwarriorsofficial.com\/fr\/wp-json\/wp\/v2\/types\/product"}],"replies":[{"embeddable":true,"href":"https:\/\/muntuwarriorsofficial.com\/fr\/wp-json\/wp\/v2\/comments?post=9064"}],"wp:featuredmedia":[{"embeddable":true,"href":"https:\/\/muntuwarriorsofficial.com\/fr\/wp-json\/wp\/v2\/media\/485"}],"wp:attachment":[{"href":"https:\/\/muntuwarriorsofficial.com\/fr\/wp-json\/wp\/v2\/media?parent=9064"}],"wp:term":[{"taxonomy":"product_brand","embeddable":true,"href":"https:\/\/muntuwarriorsofficial.com\/fr\/wp-json\/wp\/v2\/product_brand?post=9064"},{"taxonomy":"product_cat","embeddable":true,"href":"https:\/\/muntuwarriorsofficial.com\/fr\/wp-json\/wp\/v2\/product_cat?post=9064"},{"taxonomy":"product_tag","embeddable":true,"href":"https:\/\/muntuwarriorsofficial.com\/fr\/wp-json\/wp\/v2\/product_tag?post=9064"}],"curies":[{"name":"wp","href":"https:\/\/api.w.org\/{rel}","templated":true}]}}