{"id":9047,"date":"2026-01-13T14:43:21","date_gmt":"2026-01-13T14:43:21","guid":{"rendered":"https:\/\/muntuwarriorsofficial.com\/?post_type=product&#038;p=9047"},"modified":"2026-01-23T08:18:25","modified_gmt":"2026-01-23T07:18:25","slug":"tome3","status":"publish","type":"product","link":"https:\/\/muntuwarriorsofficial.com\/fr\/produit\/tome3\/","title":{"rendered":"Muntu Warriors Tome 3"},"content":{"rendered":"<p>Asanda Zuma est d\u00e9sormais plong\u00e9 au c\u0153ur du monde de Muntu. Ses \u00e9preuves se multiplient, et les lignes commencent \u00e0 se dessiner.<\/p>\n<p>Des secrets \u00e9mergent. Les personnages \u00e9voluent. Et les alliances inattendues prennent forme.<\/p>\n<p><a href=\"https:\/\/muntuwarriorsofficial.com\/fr\/produit\/muntu-warriors-book-3\/\"><strong>THIS BOOK IS IN FRENCH. FOR THE ENGLISH VERSION, CLICK HERE.<\/strong><\/a><\/p>","protected":false},"excerpt":{"rendered":"<p>Le Tome 3 de Muntu Warriors approfondit l\u2019univers. Il introduit davantage de personnages, de m\u00e9canismes et d\u2019informations cl\u00e9s sur le monde de Muntu.<\/p>\n<p>Ce tome se lit apr\u00e8s le Tome 1 et le Tome 2.<\/p>","protected":false},"featured_media":227,"comment_status":"open","ping_status":"closed","template":"","meta":{"_monsterinsights_skip_tracking":false,"_monsterinsights_sitenote_active":false,"_monsterinsights_sitenote_note":"","_monsterinsights_sitenote_category":0,"site-sidebar-layout":"default","site-content-layout":"default","ast-global-header-display":"","ast-banner-title-visibility":"","ast-main-header-display":"","ast-hfb-above-header-display":"","ast-hfb-below-header-display":"","ast-hfb-mobile-header-display":"","site-post-title":"","ast-breadcrumbs-content":"","ast-featured-img":"","footer-sml-layout":"","theme-transparent-header-meta":"default","adv-header-id-meta":"","stick-header-meta":"","header-above-stick-meta":"","header-main-stick-meta":"","header-below-stick-meta":""},"product_brand":[],"product_cat":[26],"product_tag":[],"class_list":{"0":"post-9047","1":"product","2":"type-product","3":"status-publish","4":"has-post-thumbnail","6":"product_cat-bande-dessinees","7":"desktop-align-left","8":"tablet-align-left","9":"mobile-align-left","11":"first","12":"instock","13":"shipping-taxable","14":"purchasable","15":"product-type-simple"},"aioseo_notices":[],"jetpack_sharing_enabled":true,"_links":{"self":[{"href":"https:\/\/muntuwarriorsofficial.com\/fr\/wp-json\/wp\/v2\/product\/9047","targetHints":{"allow":["GET"]}}],"collection":[{"href":"https:\/\/muntuwarriorsofficial.com\/fr\/wp-json\/wp\/v2\/product"}],"about":[{"href":"https:\/\/muntuwarriorsofficial.com\/fr\/wp-json\/wp\/v2\/types\/product"}],"replies":[{"embeddable":true,"href":"https:\/\/muntuwarriorsofficial.com\/fr\/wp-json\/wp\/v2\/comments?post=9047"}],"wp:featuredmedia":[{"embeddable":true,"href":"https:\/\/muntuwarriorsofficial.com\/fr\/wp-json\/wp\/v2\/media\/227"}],"wp:attachment":[{"href":"https:\/\/muntuwarriorsofficial.com\/fr\/wp-json\/wp\/v2\/media?parent=9047"}],"wp:term":[{"taxonomy":"product_brand","embeddable":true,"href":"https:\/\/muntuwarriorsofficial.com\/fr\/wp-json\/wp\/v2\/product_brand?post=9047"},{"taxonomy":"product_cat","embeddable":true,"href":"https:\/\/muntuwarriorsofficial.com\/fr\/wp-json\/wp\/v2\/product_cat?post=9047"},{"taxonomy":"product_tag","embeddable":true,"href":"https:\/\/muntuwarriorsofficial.com\/fr\/wp-json\/wp\/v2\/product_tag?post=9047"}],"curies":[{"name":"wp","href":"https:\/\/api.w.org\/{rel}","templated":true}]}}