{"id":9041,"date":"2026-01-13T14:03:22","date_gmt":"2026-01-13T14:03:22","guid":{"rendered":"https:\/\/muntuwarriorsofficial.com\/?post_type=product&#038;p=9041"},"modified":"2026-01-23T08:17:48","modified_gmt":"2026-01-23T07:17:48","slug":"tome2","status":"publish","type":"product","link":"https:\/\/muntuwarriorsofficial.com\/fr\/produit\/tome2\/","title":{"rendered":"Muntu Warriors Tome 2"},"content":{"rendered":"<p>Dans le Tome 2, les chemins d\u2019Asanda Zuma et d\u2019Atem Ngozi se poursuivent en parall\u00e8le. Chacun d&#8217;entre eux font face \u00e0 une \u00e9preuve de taille. Pour survivre, Asanda est devenu un Muntu Warrior. Et ailleurs, Atem Ngozi a accept\u00e9 un pacte qui a fait de lui le champion d\u2019Eshu.<\/p>\n<p>Mais ils ignorent encore l&#8217;impact de leurs d\u00e9rives, et les cons\u00e9quences qu&#8217;elles impliquent&#8230;<\/p>\n<p>&nbsp;<\/p>\n<p><a href=\"https:\/\/muntuwarriorsofficial.com\/fr\/produit\/muntu-warriors-book-2\/\"><strong>THIS BOOK IS IN FRENCH. FOR THE ENGLISH VERSION, CLICK HERE<\/strong><\/a><\/p>","protected":false},"excerpt":{"rendered":"<p>Muntu Warriors Tome 2 poursuit directement les \u00e9v\u00e9nements du Tome 1. Asanda Zuma et Atem Ngozi suivent d\u00e9sormais des trajectoires parall\u00e8les, sans encore comprendre ce qu\u2019ils sont devenus.<\/p>\n<p>Une \u00e9tape cl\u00e9 de la saga, \u00e0 lire apr\u00e8s le Tome 1.<\/p>","protected":false},"featured_media":129,"comment_status":"open","ping_status":"closed","template":"","meta":{"_monsterinsights_skip_tracking":false,"_monsterinsights_sitenote_active":false,"_monsterinsights_sitenote_note":"","_monsterinsights_sitenote_category":0,"site-sidebar-layout":"default","site-content-layout":"default","ast-global-header-display":"","ast-banner-title-visibility":"","ast-main-header-display":"","ast-hfb-above-header-display":"","ast-hfb-below-header-display":"","ast-hfb-mobile-header-display":"","site-post-title":"","ast-breadcrumbs-content":"","ast-featured-img":"","footer-sml-layout":"","theme-transparent-header-meta":"default","adv-header-id-meta":"","stick-header-meta":"","header-above-stick-meta":"","header-main-stick-meta":"","header-below-stick-meta":""},"product_brand":[],"product_cat":[26],"product_tag":[],"class_list":{"0":"post-9041","1":"product","2":"type-product","3":"status-publish","4":"has-post-thumbnail","6":"product_cat-bande-dessinees","7":"desktop-align-left","8":"tablet-align-left","9":"mobile-align-left","11":"first","12":"instock","13":"shipping-taxable","14":"purchasable","15":"product-type-simple"},"aioseo_notices":[],"jetpack_sharing_enabled":true,"_links":{"self":[{"href":"https:\/\/muntuwarriorsofficial.com\/fr\/wp-json\/wp\/v2\/product\/9041","targetHints":{"allow":["GET"]}}],"collection":[{"href":"https:\/\/muntuwarriorsofficial.com\/fr\/wp-json\/wp\/v2\/product"}],"about":[{"href":"https:\/\/muntuwarriorsofficial.com\/fr\/wp-json\/wp\/v2\/types\/product"}],"replies":[{"embeddable":true,"href":"https:\/\/muntuwarriorsofficial.com\/fr\/wp-json\/wp\/v2\/comments?post=9041"}],"wp:featuredmedia":[{"embeddable":true,"href":"https:\/\/muntuwarriorsofficial.com\/fr\/wp-json\/wp\/v2\/media\/129"}],"wp:attachment":[{"href":"https:\/\/muntuwarriorsofficial.com\/fr\/wp-json\/wp\/v2\/media?parent=9041"}],"wp:term":[{"taxonomy":"product_brand","embeddable":true,"href":"https:\/\/muntuwarriorsofficial.com\/fr\/wp-json\/wp\/v2\/product_brand?post=9041"},{"taxonomy":"product_cat","embeddable":true,"href":"https:\/\/muntuwarriorsofficial.com\/fr\/wp-json\/wp\/v2\/product_cat?post=9041"},{"taxonomy":"product_tag","embeddable":true,"href":"https:\/\/muntuwarriorsofficial.com\/fr\/wp-json\/wp\/v2\/product_tag?post=9041"}],"curies":[{"name":"wp","href":"https:\/\/api.w.org\/{rel}","templated":true}]}}