{"id":500,"date":"2023-07-09T20:00:07","date_gmt":"2023-07-09T19:00:07","guid":{"rendered":"https:\/\/muntuwarriorsofficial.com\/product\/muntu-warriors-les-origines-1\/"},"modified":"2026-01-13T19:48:25","modified_gmt":"2026-01-13T19:48:25","slug":"muntu-warriors-les-origines-1","status":"publish","type":"product","link":"https:\/\/muntuwarriorsofficial.com\/fr\/produit\/muntu-warriors-les-origines-1\/","title":{"rendered":"Muntu Warriors Les Origines 1"},"content":{"rendered":"<p>Ce tome est consacr\u00e9 aux \u00e9pisodes de quatre h\u00e9ros de Muntu Warriors: Agon, le lutteur professionnel \u00e0 la force surhumaine, Amazone la mercenaire \u00e0 l\u2019arbal\u00e8te g\u00e9ante, Coltane le boxeur congolais aux poings d\u2019acier, et Fang le pr\u00e9dateur ultime.<\/p>","protected":false},"excerpt":{"rendered":"<p>Ce tome est consacr\u00e9 aux \u00e9pisodes de quatre h\u00e9ros de Muntu Warriors: Agon, le lutteur professionnel \u00e0 la force surhumaine, Amazone la mercenaire \u00e0 l\u2019arbal\u00e8te g\u00e9ante, Coltane le boxeur congolais aux poings d\u2019acier, et Fang le pr\u00e9dateur ultime.<\/p>","protected":false},"featured_media":501,"comment_status":"open","ping_status":"closed","template":"","meta":{"_monsterinsights_skip_tracking":false,"_monsterinsights_sitenote_active":false,"_monsterinsights_sitenote_note":"","_monsterinsights_sitenote_category":0,"site-sidebar-layout":"default","site-content-layout":"default","ast-global-header-display":"","ast-banner-title-visibility":"","ast-main-header-display":"","ast-hfb-above-header-display":"","ast-hfb-below-header-display":"","ast-hfb-mobile-header-display":"","site-post-title":"","ast-breadcrumbs-content":"","ast-featured-img":"","footer-sml-layout":"","theme-transparent-header-meta":"","adv-header-id-meta":"","stick-header-meta":"","header-above-stick-meta":"","header-main-stick-meta":"","header-below-stick-meta":""},"product_brand":[],"product_cat":[15],"product_tag":[],"class_list":{"0":"post-500","1":"product","2":"type-product","3":"status-publish","4":"has-post-thumbnail","6":"product_cat-versionfrancaise","7":"desktop-align-left","8":"tablet-align-left","9":"mobile-align-left","11":"first","12":"instock","13":"shipping-taxable","14":"purchasable","15":"product-type-simple"},"aioseo_notices":[],"jetpack_sharing_enabled":true,"_links":{"self":[{"href":"https:\/\/muntuwarriorsofficial.com\/fr\/wp-json\/wp\/v2\/product\/500","targetHints":{"allow":["GET"]}}],"collection":[{"href":"https:\/\/muntuwarriorsofficial.com\/fr\/wp-json\/wp\/v2\/product"}],"about":[{"href":"https:\/\/muntuwarriorsofficial.com\/fr\/wp-json\/wp\/v2\/types\/product"}],"replies":[{"embeddable":true,"href":"https:\/\/muntuwarriorsofficial.com\/fr\/wp-json\/wp\/v2\/comments?post=500"}],"wp:featuredmedia":[{"embeddable":true,"href":"https:\/\/muntuwarriorsofficial.com\/fr\/wp-json\/wp\/v2\/media\/501"}],"wp:attachment":[{"href":"https:\/\/muntuwarriorsofficial.com\/fr\/wp-json\/wp\/v2\/media?parent=500"}],"wp:term":[{"taxonomy":"product_brand","embeddable":true,"href":"https:\/\/muntuwarriorsofficial.com\/fr\/wp-json\/wp\/v2\/product_brand?post=500"},{"taxonomy":"product_cat","embeddable":true,"href":"https:\/\/muntuwarriorsofficial.com\/fr\/wp-json\/wp\/v2\/product_cat?post=500"},{"taxonomy":"product_tag","embeddable":true,"href":"https:\/\/muntuwarriorsofficial.com\/fr\/wp-json\/wp\/v2\/product_tag?post=500"}],"curies":[{"name":"wp","href":"https:\/\/api.w.org\/{rel}","templated":true}]}}