{"id":465,"date":"2023-07-09T18:04:28","date_gmt":"2023-07-09T17:04:28","guid":{"rendered":"https:\/\/muntuwarriorsofficial.com\/product\/muntu-warriors-volume-1\/"},"modified":"2023-07-09T18:04:32","modified_gmt":"2023-07-09T17:04:32","slug":"muntu-warriors-volume-1","status":"publish","type":"product","link":"https:\/\/muntuwarriorsofficial.com\/fr\/produit\/muntu-warriors-volume-1\/","title":{"rendered":"Muntu Warriors Volume 1"},"content":{"rendered":"<p>L\u2019histoire est celle d\u2019un professeur de sciences sud-africain nomm\u00e9 Asanda Zuma, qui va devenir contre son gr\u00e9 un super-h\u00e9ros pour sauver un monde qu\u2019il a lui-m\u00eame mis en danger.<\/p>\n<p>Quel danger a-t-il lib\u00e9r\u00e9? Quels seront ses premiers dans ce monde fantastique? Qui va-t-il rencontrer? Et comment va commencer son aventure? Ce sont des questions auxquelles vous aurez les r\u00e9ponses dans ce premier livre.<\/p>\n<p>De m\u00eame, je recommande \u00e0 chaque nouveau lecteur de commencer par ce volume, qui vous mettra directement dans le bain de Muntu Warriors.<\/p>","protected":false},"excerpt":{"rendered":"<p>L\u2019histoire est celle d\u2019un professeur de sciences sud-africain nomm\u00e9 Asanda Zuma, qui va devenir contre son gr\u00e9 un super-h\u00e9ros pour sauver un monde qu\u2019il a lui-m\u00eame mis en danger.<\/p>\n<p>Quel danger a-t-il lib\u00e9r\u00e9? Quels seront ses premiers dans ce monde fantastique? Qui va-t-il rencontrer? Et comment va commencer son aventure? Ce sont des questions auxquelles vous aurez les r\u00e9ponses dans ce premier livre.<\/p>\n<p>De m\u00eame, je recommande \u00e0 chaque nouveau lecteur de commencer par ce volume, qui vous mettra directement dans le bain de Muntu Warriors.<\/p>","protected":false},"featured_media":466,"comment_status":"open","ping_status":"closed","template":"","meta":{"_monsterinsights_skip_tracking":false,"_monsterinsights_sitenote_active":false,"_monsterinsights_sitenote_note":"","_monsterinsights_sitenote_category":0,"site-sidebar-layout":"default","site-content-layout":"default","ast-global-header-display":"","ast-banner-title-visibility":"","ast-main-header-display":"","ast-hfb-above-header-display":"","ast-hfb-below-header-display":"","ast-hfb-mobile-header-display":"","site-post-title":"","ast-breadcrumbs-content":"","ast-featured-img":"","footer-sml-layout":"","theme-transparent-header-meta":"","adv-header-id-meta":"","stick-header-meta":"","header-above-stick-meta":"","header-main-stick-meta":"","header-below-stick-meta":""},"product_brand":[],"product_cat":[15],"product_tag":[],"class_list":{"0":"post-465","1":"product","2":"type-product","3":"status-publish","4":"has-post-thumbnail","6":"product_cat-versionfrancaise","7":"desktop-align-left","8":"tablet-align-left","9":"mobile-align-left","11":"first","12":"instock","13":"shipping-taxable","14":"purchasable","15":"product-type-simple"},"aioseo_notices":[],"jetpack_sharing_enabled":true,"_links":{"self":[{"href":"https:\/\/muntuwarriorsofficial.com\/fr\/wp-json\/wp\/v2\/product\/465","targetHints":{"allow":["GET"]}}],"collection":[{"href":"https:\/\/muntuwarriorsofficial.com\/fr\/wp-json\/wp\/v2\/product"}],"about":[{"href":"https:\/\/muntuwarriorsofficial.com\/fr\/wp-json\/wp\/v2\/types\/product"}],"replies":[{"embeddable":true,"href":"https:\/\/muntuwarriorsofficial.com\/fr\/wp-json\/wp\/v2\/comments?post=465"}],"wp:featuredmedia":[{"embeddable":true,"href":"https:\/\/muntuwarriorsofficial.com\/fr\/wp-json\/wp\/v2\/media\/466"}],"wp:attachment":[{"href":"https:\/\/muntuwarriorsofficial.com\/fr\/wp-json\/wp\/v2\/media?parent=465"}],"wp:term":[{"taxonomy":"product_brand","embeddable":true,"href":"https:\/\/muntuwarriorsofficial.com\/fr\/wp-json\/wp\/v2\/product_brand?post=465"},{"taxonomy":"product_cat","embeddable":true,"href":"https:\/\/muntuwarriorsofficial.com\/fr\/wp-json\/wp\/v2\/product_cat?post=465"},{"taxonomy":"product_tag","embeddable":true,"href":"https:\/\/muntuwarriorsofficial.com\/fr\/wp-json\/wp\/v2\/product_tag?post=465"}],"curies":[{"name":"wp","href":"https:\/\/api.w.org\/{rel}","templated":true}]}}