{"id":4352,"date":"2023-11-21T10:30:42","date_gmt":"2023-11-21T10:30:42","guid":{"rendered":"https:\/\/muntuwarriorsofficial.com\/product\/muntu-warriors-volume-3\/"},"modified":"2026-01-13T19:48:25","modified_gmt":"2026-01-13T19:48:25","slug":"muntu-warriors-volume-3","status":"publish","type":"product","link":"https:\/\/muntuwarriorsofficial.com\/fr\/produit\/muntu-warriors-volume-3\/","title":{"rendered":"Muntu Warriors Volume 3"},"content":{"rendered":"<p>L\u2019histoire est celle d\u2019un professeur de sciences sud-africain nomm\u00e9 Asanda Zuma, qui va devenir contre son gr\u00e9 un super-h\u00e9ros pour sauver un monde qu\u2019il a lui-m\u00eame mis en danger.<\/p>\n<p>Muntu est un monde fantastique o\u00f9 les humains et les Orishas vivent en harmonie. Avec sa propre diplomatie, ses luttes et ses nations. Et m\u00eame si nos h\u00e9ros auront du mal \u00e0 d\u00e9couvrir ce nouveau monde, ils trouveront quand m\u00eame leurs rep\u00e8res car Muntu est un monde inspir\u00e9 de la culture noire d\u2019Afrique, d\u2019Am\u00e9rique, d\u2019Europe et des Cara\u00efbes.<\/p>\n<p>Il a \u00e9t\u00e9 compar\u00e9 \u00e0 des titres pour jeunes lecteurs comme One Piece, Dragon Ball Z, Naruto, et \u00e0 des super-h\u00e9ros comme ceux des univers Marvel et DC Comics. Muntu Warriors aidera certainement les gens \u00e0 comprendre les valeurs fondamentales des traditions africaines, ainsi que des le\u00e7ons de vie pour tout \u00e2ge.<\/p>","protected":false},"excerpt":{"rendered":"<p>L\u2019histoire est celle d\u2019un professeur de sciences sud-africain nomm\u00e9 Asanda Zuma, qui va devenir contre son gr\u00e9 un super-h\u00e9ros pour sauver un monde qu\u2019il a lui-m\u00eame mis en danger.<\/p>\n<p>Muntu est un monde fantastique o\u00f9 les humains et les Orishas vivent en harmonie. Avec sa propre diplomatie, ses luttes et ses nations. Et m\u00eame si nos h\u00e9ros auront du mal \u00e0 d\u00e9couvrir ce nouveau monde, ils trouveront quand m\u00eame leurs rep\u00e8res car Muntu est un monde inspir\u00e9 de la culture noire d\u2019Afrique, d\u2019Am\u00e9rique, d\u2019Europe et des Cara\u00efbes.<\/p>\n<p>Il a \u00e9t\u00e9 compar\u00e9 \u00e0 des titres pour jeunes lecteurs comme One Piece, Dragon Ball Z, Naruto, et \u00e0 des super-h\u00e9ros comme ceux des univers Marvel et DC Comics. Muntu Warriors aidera certainement les gens \u00e0 comprendre les valeurs fondamentales des traditions africaines, ainsi que des le\u00e7ons de vie pour tout \u00e2ge.<\/p>","protected":false},"featured_media":4353,"comment_status":"open","ping_status":"closed","template":"","meta":{"_monsterinsights_skip_tracking":false,"_monsterinsights_sitenote_active":false,"_monsterinsights_sitenote_note":"","_monsterinsights_sitenote_category":0,"site-sidebar-layout":"default","site-content-layout":"default","ast-global-header-display":"","ast-banner-title-visibility":"","ast-main-header-display":"","ast-hfb-above-header-display":"","ast-hfb-below-header-display":"","ast-hfb-mobile-header-display":"","site-post-title":"","ast-breadcrumbs-content":"","ast-featured-img":"","footer-sml-layout":"","theme-transparent-header-meta":"","adv-header-id-meta":"","stick-header-meta":"","header-above-stick-meta":"","header-main-stick-meta":"","header-below-stick-meta":""},"product_brand":[],"product_cat":[15],"product_tag":[],"class_list":{"0":"post-4352","1":"product","2":"type-product","3":"status-publish","4":"has-post-thumbnail","6":"product_cat-versionfrancaise","7":"desktop-align-left","8":"tablet-align-left","9":"mobile-align-left","11":"first","12":"instock","13":"shipping-taxable","14":"purchasable","15":"product-type-simple"},"aioseo_notices":[],"jetpack_sharing_enabled":true,"_links":{"self":[{"href":"https:\/\/muntuwarriorsofficial.com\/fr\/wp-json\/wp\/v2\/product\/4352","targetHints":{"allow":["GET"]}}],"collection":[{"href":"https:\/\/muntuwarriorsofficial.com\/fr\/wp-json\/wp\/v2\/product"}],"about":[{"href":"https:\/\/muntuwarriorsofficial.com\/fr\/wp-json\/wp\/v2\/types\/product"}],"replies":[{"embeddable":true,"href":"https:\/\/muntuwarriorsofficial.com\/fr\/wp-json\/wp\/v2\/comments?post=4352"}],"wp:featuredmedia":[{"embeddable":true,"href":"https:\/\/muntuwarriorsofficial.com\/fr\/wp-json\/wp\/v2\/media\/4353"}],"wp:attachment":[{"href":"https:\/\/muntuwarriorsofficial.com\/fr\/wp-json\/wp\/v2\/media?parent=4352"}],"wp:term":[{"taxonomy":"product_brand","embeddable":true,"href":"https:\/\/muntuwarriorsofficial.com\/fr\/wp-json\/wp\/v2\/product_brand?post=4352"},{"taxonomy":"product_cat","embeddable":true,"href":"https:\/\/muntuwarriorsofficial.com\/fr\/wp-json\/wp\/v2\/product_cat?post=4352"},{"taxonomy":"product_tag","embeddable":true,"href":"https:\/\/muntuwarriorsofficial.com\/fr\/wp-json\/wp\/v2\/product_tag?post=4352"}],"curies":[{"name":"wp","href":"https:\/\/api.w.org\/{rel}","templated":true}]}}