{"id":1311,"date":"2023-07-19T23:59:33","date_gmt":"2023-07-19T22:59:33","guid":{"rendered":"https:\/\/muntuwarriorsofficial.com\/?page_id=1311"},"modified":"2024-04-19T12:40:01","modified_gmt":"2024-04-19T11:40:01","slug":"redirection","status":"publish","type":"page","link":"https:\/\/muntuwarriorsofficial.com\/fr\/redirection\/","title":{"rendered":"Redirection"},"content":{"rendered":"<div data-elementor-type=\"wp-page\" data-elementor-id=\"1311\" class=\"elementor elementor-1311\" data-elementor-post-type=\"page\">\n\t\t\t\t\t\t<section class=\"elementor-section elementor-top-section elementor-element elementor-element-59b033f8 elementor-section-boxed elementor-section-height-default elementor-section-height-default\" data-id=\"59b033f8\" data-element_type=\"section\" data-settings=\"{&quot;background_background&quot;:&quot;classic&quot;}\">\n\t\t\t\t\t\t\t<div class=\"elementor-background-overlay\"><\/div>\n\t\t\t\t\t\t\t<div class=\"elementor-container elementor-column-gap-default\">\n\t\t\t\t\t<div class=\"elementor-column elementor-col-100 elementor-top-column elementor-element elementor-element-4e924c\" data-id=\"4e924c\" data-element_type=\"column\">\n\t\t\t<div class=\"elementor-widget-wrap elementor-element-populated\">\n\t\t\t\t\t\t<div class=\"elementor-element elementor-element-699d0995 elementor-widget elementor-widget-spacer\" data-id=\"699d0995\" data-element_type=\"widget\" data-widget_type=\"spacer.default\">\n\t\t\t\t<div class=\"elementor-widget-container\">\n\t\t\t\t\t\t\t<div class=\"elementor-spacer\">\n\t\t\t<div class=\"elementor-spacer-inner\"><\/div>\n\t\t<\/div>\n\t\t\t\t\t\t<\/div>\n\t\t\t\t<\/div>\n\t\t\t\t<section class=\"elementor-section elementor-inner-section elementor-element elementor-element-26a659ef elementor-section-boxed elementor-section-height-default elementor-section-height-default\" data-id=\"26a659ef\" data-element_type=\"section\">\n\t\t\t\t\t\t<div class=\"elementor-container elementor-column-gap-default\">\n\t\t\t\t\t<div class=\"elementor-column elementor-col-50 elementor-inner-column elementor-element elementor-element-c76d2a0\" data-id=\"c76d2a0\" data-element_type=\"column\">\n\t\t\t<div class=\"elementor-widget-wrap elementor-element-populated\">\n\t\t\t\t\t\t<div class=\"elementor-element elementor-element-6e796353 elementor-widget elementor-widget-heading\" data-id=\"6e796353\" data-element_type=\"widget\" data-widget_type=\"heading.default\">\n\t\t\t\t<div class=\"elementor-widget-container\">\n\t\t\t\t\t<h3 class=\"elementor-heading-title elementor-size-default\">Cette page est une feature prime<\/h3>\t\t\t\t<\/div>\n\t\t\t\t<\/div>\n\t\t\t\t<div class=\"elementor-element elementor-element-747e2f0e elementor-widget elementor-widget-text-editor\" data-id=\"747e2f0e\" data-element_type=\"widget\" data-widget_type=\"text-editor.default\">\n\t\t\t\t<div class=\"elementor-widget-container\">\n\t\t\t\t\t\t\t\t\t<p>Cette page est donc r\u00e9serv\u00e9e aux utilisateurs r\u00e9guliers, \u00e0 un certain niveau d'abonnement ou n'est pas disponible dans l'ESSAI GRATUIT. Mais ne vous inqui\u00e9tez pas, vous pouvez facilement la d\u00e9bloquer en rejoignant Prime.<\/p>\t\t\t\t\t\t\t\t<\/div>\n\t\t\t\t<\/div>\n\t\t\t\t<div class=\"elementor-element elementor-element-7295e813 elementor-widget elementor-widget-image\" data-id=\"7295e813\" data-element_type=\"widget\" data-widget_type=\"image.default\">\n\t\t\t\t<div class=\"elementor-widget-container\">\n\t\t\t\t\t\t\t\t\t\t\t\t\t\t\t\t<a href=\"https:\/\/muntuwarriorsofficial.com\/fr\/subscription\/\">\n\t\t\t\t\t\t\t<img decoding=\"async\" width=\"250\" height=\"73\" src=\"https:\/\/muntuwarriorsofficial.com\/wp-content\/uploads\/2023\/07\/primebutton12.jpg\" class=\"elementor-animation-shrink attachment-large size-large wp-image-196\" alt=\"\" \/>\t\t\t\t\t\t\t\t<\/a>\n\t\t\t\t\t\t\t\t\t\t\t\t\t\t\t<\/div>\n\t\t\t\t<\/div>\n\t\t\t\t<div class=\"elementor-element elementor-element-f6b5ba2 elementor-widget elementor-widget-text-editor\" data-id=\"f6b5ba2\" data-element_type=\"widget\" data-widget_type=\"text-editor.default\">\n\t\t\t\t<div class=\"elementor-widget-container\">\n\t\t\t\t\t\t\t\t\t<p>D\u00e9j\u00e0 Prime? <span style=\"color: #ffffff;\"><a style=\"color: #ffffff;\" href=\"https:\/\/muntuwarriorsofficial.com\/fr\/member-login\/\"><span style=\"text-decoration: underline;\"><strong>Connectez-vous!<\/strong><\/span><\/a><\/span><\/p>\t\t\t\t\t\t\t\t<\/div>\n\t\t\t\t<\/div>\n\t\t\t\t\t<\/div>\n\t\t<\/div>\n\t\t\t\t<div class=\"elementor-column elementor-col-50 elementor-inner-column elementor-element elementor-element-34be3ec4\" data-id=\"34be3ec4\" data-element_type=\"column\">\n\t\t\t<div class=\"elementor-widget-wrap\">\n\t\t\t\t\t\t\t<\/div>\n\t\t<\/div>\n\t\t\t\t\t<\/div>\n\t\t<\/section>\n\t\t\t\t<div class=\"elementor-element elementor-element-4c99b538 elementor-widget elementor-widget-spacer\" data-id=\"4c99b538\" data-element_type=\"widget\" data-widget_type=\"spacer.default\">\n\t\t\t\t<div class=\"elementor-widget-container\">\n\t\t\t\t\t\t\t<div class=\"elementor-spacer\">\n\t\t\t<div class=\"elementor-spacer-inner\"><\/div>\n\t\t<\/div>\n\t\t\t\t\t\t<\/div>\n\t\t\t\t<\/div>\n\t\t\t\t<div class=\"elementor-element elementor-element-1155f252 elementor-widget elementor-widget-spacer\" data-id=\"1155f252\" data-element_type=\"widget\" data-widget_type=\"spacer.default\">\n\t\t\t\t<div class=\"elementor-widget-container\">\n\t\t\t\t\t\t\t<div class=\"elementor-spacer\">\n\t\t\t<div class=\"elementor-spacer-inner\"><\/div>\n\t\t<\/div>\n\t\t\t\t\t\t<\/div>\n\t\t\t\t<\/div>\n\t\t\t\t\t<\/div>\n\t\t<\/div>\n\t\t\t\t\t<\/div>\n\t\t<\/section>\n\t\t\t\t<section class=\"elementor-section elementor-top-section elementor-element elementor-element-19e001e9 elementor-section-boxed elementor-section-height-default elementor-section-height-default\" data-id=\"19e001e9\" data-element_type=\"section\" data-settings=\"{&quot;background_background&quot;:&quot;classic&quot;}\">\n\t\t\t\t\t\t<div class=\"elementor-container elementor-column-gap-default\">\n\t\t\t\t\t<div class=\"elementor-column elementor-col-100 elementor-top-column elementor-element elementor-element-39522e47\" data-id=\"39522e47\" data-element_type=\"column\">\n\t\t\t<div class=\"elementor-widget-wrap elementor-element-populated\">\n\t\t\t\t\t\t<div class=\"elementor-element elementor-element-414d39e elementor-widget elementor-widget-spacer\" data-id=\"414d39e\" data-element_type=\"widget\" data-widget_type=\"spacer.default\">\n\t\t\t\t<div class=\"elementor-widget-container\">\n\t\t\t\t\t\t\t<div class=\"elementor-spacer\">\n\t\t\t<div class=\"elementor-spacer-inner\"><\/div>\n\t\t<\/div>\n\t\t\t\t\t\t<\/div>\n\t\t\t\t<\/div>\n\t\t\t\t<div class=\"elementor-element elementor-element-6436426e elementor-widget elementor-widget-heading\" data-id=\"6436426e\" data-element_type=\"widget\" data-widget_type=\"heading.default\">\n\t\t\t\t<div class=\"elementor-widget-container\">\n\t\t\t\t\t<h1 class=\"elementor-heading-title elementor-size-default\">Restez connect\u00e9s<\/h1>\t\t\t\t<\/div>\n\t\t\t\t<\/div>\n\t\t\t\t<section class=\"elementor-section elementor-inner-section elementor-element elementor-element-62e09f81 elementor-section-boxed elementor-section-height-default elementor-section-height-default\" data-id=\"62e09f81\" data-element_type=\"section\">\n\t\t\t\t\t\t<div class=\"elementor-container elementor-column-gap-default\">\n\t\t\t\t\t<div class=\"elementor-column elementor-col-20 elementor-inner-column elementor-element elementor-element-594c22c7\" data-id=\"594c22c7\" data-element_type=\"column\">\n\t\t\t<div class=\"elementor-widget-wrap elementor-element-populated\">\n\t\t\t\t\t\t<div class=\"elementor-element elementor-element-6e3bf8 elementor-widget elementor-widget-image\" data-id=\"6e3bf8\" data-element_type=\"widget\" data-widget_type=\"image.default\">\n\t\t\t\t<div class=\"elementor-widget-container\">\n\t\t\t\t\t\t\t\t\t\t\t\t\t\t\t\t<a href=\"https:\/\/www.instagram.com\/muntuwarriors\/\" target=\"_blank\">\n\t\t\t\t\t\t\t<img decoding=\"async\" width=\"91\" height=\"91\" src=\"https:\/\/muntuwarriorsofficial.com\/wp-content\/uploads\/2023\/07\/muntu-ig-white.png\" class=\"elementor-animation-shrink attachment-large size-large wp-image-45\" alt=\"\" \/>\t\t\t\t\t\t\t\t<\/a>\n\t\t\t\t\t\t\t\t\t\t\t\t\t\t\t<\/div>\n\t\t\t\t<\/div>\n\t\t\t\t\t<\/div>\n\t\t<\/div>\n\t\t\t\t<div class=\"elementor-column elementor-col-20 elementor-inner-column elementor-element elementor-element-1524adad\" data-id=\"1524adad\" data-element_type=\"column\">\n\t\t\t<div class=\"elementor-widget-wrap elementor-element-populated\">\n\t\t\t\t\t\t<div class=\"elementor-element elementor-element-28d6f094 elementor-widget elementor-widget-image\" data-id=\"28d6f094\" data-element_type=\"widget\" data-widget_type=\"image.default\">\n\t\t\t\t<div class=\"elementor-widget-container\">\n\t\t\t\t\t\t\t\t\t\t\t\t\t\t\t\t<a href=\"https:\/\/www.tiktok.com\/@muntuwarriors\" target=\"_blank\">\n\t\t\t\t\t\t\t<img decoding=\"async\" width=\"91\" height=\"91\" src=\"https:\/\/muntuwarriorsofficial.com\/wp-content\/uploads\/2023\/07\/muntu-tiktok-white.png\" class=\"elementor-animation-shrink attachment-large size-large wp-image-207\" alt=\"\" \/>\t\t\t\t\t\t\t\t<\/a>\n\t\t\t\t\t\t\t\t\t\t\t\t\t\t\t<\/div>\n\t\t\t\t<\/div>\n\t\t\t\t\t<\/div>\n\t\t<\/div>\n\t\t\t\t<div class=\"elementor-column elementor-col-20 elementor-inner-column elementor-element elementor-element-6bcc8a52\" data-id=\"6bcc8a52\" data-element_type=\"column\">\n\t\t\t<div class=\"elementor-widget-wrap elementor-element-populated\">\n\t\t\t\t\t\t<div class=\"elementor-element elementor-element-43cda9a6 elementor-widget elementor-widget-image\" data-id=\"43cda9a6\" data-element_type=\"widget\" data-widget_type=\"image.default\">\n\t\t\t\t<div class=\"elementor-widget-container\">\n\t\t\t\t\t\t\t\t\t\t\t\t\t\t\t\t<a href=\"https:\/\/www.facebook.com\/muntuwarriors\" target=\"_blank\">\n\t\t\t\t\t\t\t<img loading=\"lazy\" decoding=\"async\" width=\"91\" height=\"91\" src=\"https:\/\/muntuwarriorsofficial.com\/wp-content\/uploads\/2023\/07\/muntu-fb-white.png\" class=\"elementor-animation-shrink attachment-large size-large wp-image-46\" alt=\"\" \/>\t\t\t\t\t\t\t\t<\/a>\n\t\t\t\t\t\t\t\t\t\t\t\t\t\t\t<\/div>\n\t\t\t\t<\/div>\n\t\t\t\t\t<\/div>\n\t\t<\/div>\n\t\t\t\t<div class=\"elementor-column elementor-col-20 elementor-inner-column elementor-element elementor-element-39857826\" data-id=\"39857826\" data-element_type=\"column\">\n\t\t\t<div class=\"elementor-widget-wrap elementor-element-populated\">\n\t\t\t\t\t\t<div class=\"elementor-element elementor-element-5b472c36 elementor-widget elementor-widget-image\" data-id=\"5b472c36\" data-element_type=\"widget\" data-widget_type=\"image.default\">\n\t\t\t\t<div class=\"elementor-widget-container\">\n\t\t\t\t\t\t\t\t\t\t\t\t\t\t\t\t<a href=\"https:\/\/twitter.com\/MuntuWarriors\" target=\"_blank\">\n\t\t\t\t\t\t\t<img loading=\"lazy\" decoding=\"async\" width=\"91\" height=\"91\" src=\"https:\/\/muntuwarriorsofficial.com\/wp-content\/uploads\/2023\/07\/muntu-twitter-white.png\" class=\"elementor-animation-shrink attachment-large size-large wp-image-50\" alt=\"\" \/>\t\t\t\t\t\t\t\t<\/a>\n\t\t\t\t\t\t\t\t\t\t\t\t\t\t\t<\/div>\n\t\t\t\t<\/div>\n\t\t\t\t\t<\/div>\n\t\t<\/div>\n\t\t\t\t<div class=\"elementor-column elementor-col-20 elementor-inner-column elementor-element elementor-element-10485609\" data-id=\"10485609\" data-element_type=\"column\">\n\t\t\t<div class=\"elementor-widget-wrap elementor-element-populated\">\n\t\t\t\t\t\t<div class=\"elementor-element elementor-element-21f7df6e elementor-widget elementor-widget-image\" data-id=\"21f7df6e\" data-element_type=\"widget\" data-widget_type=\"image.default\">\n\t\t\t\t<div class=\"elementor-widget-container\">\n\t\t\t\t\t\t\t\t\t\t\t\t\t\t\t\t<a href=\"https:\/\/www.youtube.com\/@muntuwarriors9623\" target=\"_blank\">\n\t\t\t\t\t\t\t<img loading=\"lazy\" decoding=\"async\" width=\"91\" height=\"91\" src=\"https:\/\/muntuwarriorsofficial.com\/wp-content\/uploads\/2023\/07\/muntu-youtube-white.png\" class=\"elementor-animation-shrink attachment-large size-large wp-image-208\" alt=\"\" \/>\t\t\t\t\t\t\t\t<\/a>\n\t\t\t\t\t\t\t\t\t\t\t\t\t\t\t<\/div>\n\t\t\t\t<\/div>\n\t\t\t\t\t<\/div>\n\t\t<\/div>\n\t\t\t\t\t<\/div>\n\t\t<\/section>\n\t\t\t\t<div class=\"elementor-element elementor-element-5510fa30 elementor-widget elementor-widget-spacer\" data-id=\"5510fa30\" data-element_type=\"widget\" data-widget_type=\"spacer.default\">\n\t\t\t\t<div class=\"elementor-widget-container\">\n\t\t\t\t\t\t\t<div class=\"elementor-spacer\">\n\t\t\t<div class=\"elementor-spacer-inner\"><\/div>\n\t\t<\/div>\n\t\t\t\t\t\t<\/div>\n\t\t\t\t<\/div>\n\t\t\t\t<div class=\"elementor-element elementor-element-74a79f90 elementor-widget elementor-widget-image\" data-id=\"74a79f90\" data-element_type=\"widget\" data-widget_type=\"image.default\">\n\t\t\t\t<div class=\"elementor-widget-container\">\n\t\t\t\t\t\t\t\t\t\t\t\t\t\t\t\t<a href=\"https:\/\/muntuwarriorsofficial.com\/fr\/\">\n\t\t\t\t\t\t\t<img loading=\"lazy\" decoding=\"async\" width=\"300\" height=\"76\" src=\"https:\/\/muntuwarriorsofficial.com\/wp-content\/uploads\/2023\/07\/muntuwarriors-logo02-300x76.png\" class=\"attachment-medium size-medium wp-image-42\" alt=\"\" srcset=\"https:\/\/muntuwarriorsofficial.com\/wp-content\/uploads\/2023\/07\/muntuwarriors-logo02-300x76.png 300w, https:\/\/muntuwarriorsofficial.com\/wp-content\/uploads\/2023\/07\/muntuwarriors-logo02-600x152.png 600w, https:\/\/muntuwarriorsofficial.com\/wp-content\/uploads\/2023\/07\/muntuwarriors-logo02.png 720w\" sizes=\"(max-width: 300px) 100vw, 300px\" \/>\t\t\t\t\t\t\t\t<\/a>\n\t\t\t\t\t\t\t\t\t\t\t\t\t\t\t<\/div>\n\t\t\t\t<\/div>\n\t\t\t\t<div class=\"elementor-element elementor-element-6d498e1 elementor-widget elementor-widget-spacer\" data-id=\"6d498e1\" data-element_type=\"widget\" data-widget_type=\"spacer.default\">\n\t\t\t\t<div class=\"elementor-widget-container\">\n\t\t\t\t\t\t\t<div class=\"elementor-spacer\">\n\t\t\t<div class=\"elementor-spacer-inner\"><\/div>\n\t\t<\/div>\n\t\t\t\t\t\t<\/div>\n\t\t\t\t<\/div>\n\t\t\t\t\t<\/div>\n\t\t<\/div>\n\t\t\t\t\t<\/div>\n\t\t<\/section>\n\t\t\t\t<\/div>","protected":false},"excerpt":{"rendered":"<p>This page is a prime feature Which means that this page is currently restricted for regular users, reserved for a certain subscriber tier, or not available in the FREE TRIAL. But no worries, you can easily unlock it by joining Prime. Already Prime? Log In Here! Stay connected<\/p>","protected":false},"author":1,"featured_media":0,"parent":0,"menu_order":0,"comment_status":"closed","ping_status":"closed","template":"","meta":{"_monsterinsights_skip_tracking":false,"_monsterinsights_sitenote_active":false,"_monsterinsights_sitenote_note":"","_monsterinsights_sitenote_category":0,"site-sidebar-layout":"no-sidebar","site-content-layout":"page-builder","ast-global-header-display":"","ast-banner-title-visibility":"","ast-main-header-display":"","ast-hfb-above-header-display":"","ast-hfb-below-header-display":"","ast-hfb-mobile-header-display":"","site-post-title":"disabled","ast-breadcrumbs-content":"","ast-featured-img":"disabled","footer-sml-layout":"","theme-transparent-header-meta":"","adv-header-id-meta":"","stick-header-meta":"","header-above-stick-meta":"","header-main-stick-meta":"","header-below-stick-meta":"","footnotes":""},"class_list":["post-1311","page","type-page","status-publish","hentry"],"aioseo_notices":[],"jetpack_sharing_enabled":true,"_links":{"self":[{"href":"https:\/\/muntuwarriorsofficial.com\/fr\/wp-json\/wp\/v2\/pages\/1311","targetHints":{"allow":["GET"]}}],"collection":[{"href":"https:\/\/muntuwarriorsofficial.com\/fr\/wp-json\/wp\/v2\/pages"}],"about":[{"href":"https:\/\/muntuwarriorsofficial.com\/fr\/wp-json\/wp\/v2\/types\/page"}],"author":[{"embeddable":true,"href":"https:\/\/muntuwarriorsofficial.com\/fr\/wp-json\/wp\/v2\/users\/1"}],"replies":[{"embeddable":true,"href":"https:\/\/muntuwarriorsofficial.com\/fr\/wp-json\/wp\/v2\/comments?post=1311"}],"version-history":[{"count":31,"href":"https:\/\/muntuwarriorsofficial.com\/fr\/wp-json\/wp\/v2\/pages\/1311\/revisions"}],"predecessor-version":[{"id":7814,"href":"https:\/\/muntuwarriorsofficial.com\/fr\/wp-json\/wp\/v2\/pages\/1311\/revisions\/7814"}],"wp:attachment":[{"href":"https:\/\/muntuwarriorsofficial.com\/fr\/wp-json\/wp\/v2\/media?parent=1311"}],"curies":[{"name":"wp","href":"https:\/\/api.w.org\/{rel}","templated":true}]}}